{"id":21913,"date":"2025-03-21T12:44:58","date_gmt":"2025-03-21T12:44:58","guid":{"rendered":"https:\/\/topolaskies.com\/opisanie-na-paket-all-inclusive-sezon-2025\/"},"modified":"2025-05-12T08:05:35","modified_gmt":"2025-05-12T08:05:35","slug":"opisanie-na-paket-all-inclusive","status":"publish","type":"page","link":"https:\/\/topolaskies.com\/ro\/opisanie-na-paket-all-inclusive\/","title":{"rendered":"Descrierea pachetului All Inclusive"},"content":{"rendered":"\n<p>Programul <strong>All Inclusive<\/strong> \u00eencepe cu cina \u00een ziua de check-in \u0219i se \u00eencheie cu pr\u00e2nzul \u00een ziua de check-out.<\/p>\n\n\n\n<p>Pentru programul <strong>All Inclusive<\/strong> este necesar\u0103 o br\u0103\u021bar\u0103 special\u0103.<\/p>\n\n\n\n<p>Check-in - dup\u0103 ora <strong>15:00<\/strong>, check-out - p\u00e2n\u0103 la ora <strong>12:00<\/strong>.<\/p>\n\n\n\n<p>Exist\u0103 o tax\u0103 suplimentar\u0103 pentru utilizarea pachetului <strong>All Inclusive<\/strong> \u00eenainte de check-in \u0219i dup\u0103 check-out.<\/p>\n\n\n\n<p><\/p>\n","protected":false},"excerpt":{"rendered":"<p>Programul All Inclusive \u00eencepe cu cina \u00een ziua de check-in \u0219i se \u00eencheie cu pr\u00e2nzul \u00een ziua de check-out. Pentru programul All Inclusive este necesar\u0103 o br\u0103\u021bar\u0103 special\u0103. Check-in - dup\u0103 ora 15:00, check-out - p\u00e2n\u0103 la ora 12:00. Exist\u0103 o tax\u0103 suplimentar\u0103 pentru utilizarea pachetului All Inclusive \u00eenainte de check-in \u0219i dup\u0103 check-out.<\/p>\n","protected":false},"author":1,"featured_media":21057,"parent":0,"menu_order":0,"comment_status":"closed","ping_status":"closed","template":"","meta":{"_acf_changed":false,"inline_featured_image":false,"footnotes":""},"class_list":["post-21913","page","type-page","status-publish","has-post-thumbnail","hentry"],"acf":[],"yoast_head":"<!-- This site is optimized with the Yoast SEO plugin v27.2 - https:\/\/yoast.com\/product\/yoast-seo-wordpress\/ -->\n<title>Descrierea pachetului All Inclusive - Topola Skies<\/title>\n<meta name=\"robots\" content=\"index, follow, max-snippet:-1, max-image-preview:large, max-video-preview:-1\" \/>\n<link rel=\"canonical\" href=\"https:\/\/topolaskies.com\/ro\/opisanie-na-paket-all-inclusive\/\" \/>\n<meta property=\"og:locale\" content=\"ro_RO\" \/>\n<meta property=\"og:type\" content=\"article\" \/>\n<meta property=\"og:title\" content=\"Descrierea pachetului All Inclusive - Topola Skies\" \/>\n<meta property=\"og:description\" content=\"Programul All Inclusive \u00eencepe cu cina \u00een ziua de check-in \u0219i se \u00eencheie cu pr\u00e2nzul \u00een ziua de check-out. Pentru programul All Inclusive este necesar\u0103 o br\u0103\u021bar\u0103 special\u0103. Check-in - dup\u0103 ora 15:00, check-out - p\u00e2n\u0103 la ora 12:00. Exist\u0103 o tax\u0103 suplimentar\u0103 pentru utilizarea pachetului All Inclusive \u00eenainte de check-in \u0219i dup\u0103 check-out.\" \/>\n<meta property=\"og:url\" content=\"https:\/\/topolaskies.com\/ro\/opisanie-na-paket-all-inclusive\/\" \/>\n<meta property=\"og:site_name\" content=\"Topola Skies\" \/>\n<meta property=\"article:publisher\" content=\"https:\/\/www.facebook.com\/topolaskiesresort\" \/>\n<meta property=\"article:modified_time\" content=\"2025-05-12T08:05:35+00:00\" \/>\n<meta property=\"og:image\" content=\"https:\/\/topolaskies.com\/wp-content\/uploads\/2025\/03\/2.jpg\" \/>\n\t<meta property=\"og:image:width\" content=\"1021\" \/>\n\t<meta property=\"og:image:height\" content=\"683\" \/>\n\t<meta property=\"og:image:type\" content=\"image\/jpeg\" \/>\n<meta name=\"twitter:card\" content=\"summary_large_image\" \/>\n<meta name=\"twitter:label1\" content=\"Timp estimat pentru citire\" \/>\n\t<meta name=\"twitter:data1\" content=\"1 minut\" \/>\n<script type=\"application\/ld+json\" class=\"yoast-schema-graph\">{\"@context\":\"https:\/\/schema.org\",\"@graph\":[{\"@type\":\"WebPage\",\"@id\":\"https:\/\/topolaskies.com\/ro\/opisanie-na-paket-all-inclusive\/\",\"url\":\"https:\/\/topolaskies.com\/ro\/opisanie-na-paket-all-inclusive\/\",\"name\":\"Descrierea pachetului All Inclusive - Topola Skies\",\"isPartOf\":{\"@id\":\"https:\/\/topolaskies.com\/ro\/#website\"},\"primaryImageOfPage\":{\"@id\":\"https:\/\/topolaskies.com\/ro\/opisanie-na-paket-all-inclusive\/#primaryimage\"},\"image\":{\"@id\":\"https:\/\/topolaskies.com\/ro\/opisanie-na-paket-all-inclusive\/#primaryimage\"},\"thumbnailUrl\":\"https:\/\/topolaskies.com\/wp-content\/uploads\/2025\/03\/dji_0886-hdr-scaled.jpg\",\"datePublished\":\"2025-03-21T12:44:58+00:00\",\"dateModified\":\"2025-05-12T08:05:35+00:00\",\"breadcrumb\":{\"@id\":\"https:\/\/topolaskies.com\/ro\/opisanie-na-paket-all-inclusive\/#breadcrumb\"},\"inLanguage\":\"ro-RO\",\"potentialAction\":[{\"@type\":\"ReadAction\",\"target\":[\"https:\/\/topolaskies.com\/ro\/opisanie-na-paket-all-inclusive\/\"]}]},{\"@type\":\"ImageObject\",\"inLanguage\":\"ro-RO\",\"@id\":\"https:\/\/topolaskies.com\/ro\/opisanie-na-paket-all-inclusive\/#primaryimage\",\"url\":\"https:\/\/topolaskies.com\/wp-content\/uploads\/2025\/03\/dji_0886-hdr-scaled.jpg\",\"contentUrl\":\"https:\/\/topolaskies.com\/wp-content\/uploads\/2025\/03\/dji_0886-hdr-scaled.jpg\",\"width\":2560,\"height\":1440,\"caption\":\"all inclusive\"},{\"@type\":\"BreadcrumbList\",\"@id\":\"https:\/\/topolaskies.com\/ro\/opisanie-na-paket-all-inclusive\/#breadcrumb\",\"itemListElement\":[{\"@type\":\"ListItem\",\"position\":1,\"name\":\"\u041d\u0430\u0447\u0430\u043b\u043e\",\"item\":\"https:\/\/topolaskies.com\/ro\/\"},{\"@type\":\"ListItem\",\"position\":2,\"name\":\"Descrierea pachetului All Inclusive\"}]},{\"@type\":\"WebSite\",\"@id\":\"https:\/\/topolaskies.com\/ro\/#website\",\"url\":\"https:\/\/topolaskies.com\/ro\/\",\"name\":\"Topola Skies\",\"description\":\"Topola Skies Description\",\"publisher\":{\"@id\":\"https:\/\/topolaskies.com\/ro\/#organization\"},\"potentialAction\":[{\"@type\":\"SearchAction\",\"target\":{\"@type\":\"EntryPoint\",\"urlTemplate\":\"https:\/\/topolaskies.com\/ro\/?s={search_term_string}\"},\"query-input\":{\"@type\":\"PropertyValueSpecification\",\"valueRequired\":true,\"valueName\":\"search_term_string\"}}],\"inLanguage\":\"ro-RO\"},{\"@type\":\"Organization\",\"@id\":\"https:\/\/topolaskies.com\/ro\/#organization\",\"name\":\"Topola Skies\",\"url\":\"https:\/\/topolaskies.com\/ro\/\",\"logo\":{\"@type\":\"ImageObject\",\"inLanguage\":\"ro-RO\",\"@id\":\"https:\/\/topolaskies.com\/ro\/#\/schema\/logo\/image\/\",\"url\":\"\",\"contentUrl\":\"\",\"caption\":\"Topola Skies\"},\"image\":{\"@id\":\"https:\/\/topolaskies.com\/ro\/#\/schema\/logo\/image\/\"},\"sameAs\":[\"https:\/\/www.facebook.com\/topolaskiesresort\",\"https:\/\/www.instagram.com\/topolaskies\/?hl=bg\"]}]}<\/script>\n<!-- \/ Yoast SEO plugin. -->","yoast_head_json":{"title":"Descrierea pachetului All Inclusive - Topola Skies","robots":{"index":"index","follow":"follow","max-snippet":"max-snippet:-1","max-image-preview":"max-image-preview:large","max-video-preview":"max-video-preview:-1"},"canonical":"https:\/\/topolaskies.com\/ro\/opisanie-na-paket-all-inclusive\/","og_locale":"ro_RO","og_type":"article","og_title":"Descrierea pachetului All Inclusive - Topola Skies","og_description":"Programul All Inclusive \u00eencepe cu cina \u00een ziua de check-in \u0219i se \u00eencheie cu pr\u00e2nzul \u00een ziua de check-out. Pentru programul All Inclusive este necesar\u0103 o br\u0103\u021bar\u0103 special\u0103. Check-in - dup\u0103 ora 15:00, check-out - p\u00e2n\u0103 la ora 12:00. Exist\u0103 o tax\u0103 suplimentar\u0103 pentru utilizarea pachetului All Inclusive \u00eenainte de check-in \u0219i dup\u0103 check-out.","og_url":"https:\/\/topolaskies.com\/ro\/opisanie-na-paket-all-inclusive\/","og_site_name":"Topola Skies","article_publisher":"https:\/\/www.facebook.com\/topolaskiesresort","article_modified_time":"2025-05-12T08:05:35+00:00","og_image":[{"width":1021,"height":683,"url":"https:\/\/topolaskies.com\/wp-content\/uploads\/2025\/03\/2.jpg","type":"image\/jpeg"}],"twitter_card":"summary_large_image","twitter_misc":{"Timp estimat pentru citire":"1 minut"},"schema":{"@context":"https:\/\/schema.org","@graph":[{"@type":"WebPage","@id":"https:\/\/topolaskies.com\/ro\/opisanie-na-paket-all-inclusive\/","url":"https:\/\/topolaskies.com\/ro\/opisanie-na-paket-all-inclusive\/","name":"Descrierea pachetului All Inclusive - Topola Skies","isPartOf":{"@id":"https:\/\/topolaskies.com\/ro\/#website"},"primaryImageOfPage":{"@id":"https:\/\/topolaskies.com\/ro\/opisanie-na-paket-all-inclusive\/#primaryimage"},"image":{"@id":"https:\/\/topolaskies.com\/ro\/opisanie-na-paket-all-inclusive\/#primaryimage"},"thumbnailUrl":"https:\/\/topolaskies.com\/wp-content\/uploads\/2025\/03\/dji_0886-hdr-scaled.jpg","datePublished":"2025-03-21T12:44:58+00:00","dateModified":"2025-05-12T08:05:35+00:00","breadcrumb":{"@id":"https:\/\/topolaskies.com\/ro\/opisanie-na-paket-all-inclusive\/#breadcrumb"},"inLanguage":"ro-RO","potentialAction":[{"@type":"ReadAction","target":["https:\/\/topolaskies.com\/ro\/opisanie-na-paket-all-inclusive\/"]}]},{"@type":"ImageObject","inLanguage":"ro-RO","@id":"https:\/\/topolaskies.com\/ro\/opisanie-na-paket-all-inclusive\/#primaryimage","url":"https:\/\/topolaskies.com\/wp-content\/uploads\/2025\/03\/dji_0886-hdr-scaled.jpg","contentUrl":"https:\/\/topolaskies.com\/wp-content\/uploads\/2025\/03\/dji_0886-hdr-scaled.jpg","width":2560,"height":1440,"caption":"all inclusive"},{"@type":"BreadcrumbList","@id":"https:\/\/topolaskies.com\/ro\/opisanie-na-paket-all-inclusive\/#breadcrumb","itemListElement":[{"@type":"ListItem","position":1,"name":"\u041d\u0430\u0447\u0430\u043b\u043e","item":"https:\/\/topolaskies.com\/ro\/"},{"@type":"ListItem","position":2,"name":"Descrierea pachetului All Inclusive"}]},{"@type":"WebSite","@id":"https:\/\/topolaskies.com\/ro\/#website","url":"https:\/\/topolaskies.com\/ro\/","name":"Topola Skies","description":"Topola Skies Description","publisher":{"@id":"https:\/\/topolaskies.com\/ro\/#organization"},"potentialAction":[{"@type":"SearchAction","target":{"@type":"EntryPoint","urlTemplate":"https:\/\/topolaskies.com\/ro\/?s={search_term_string}"},"query-input":{"@type":"PropertyValueSpecification","valueRequired":true,"valueName":"search_term_string"}}],"inLanguage":"ro-RO"},{"@type":"Organization","@id":"https:\/\/topolaskies.com\/ro\/#organization","name":"Topola Skies","url":"https:\/\/topolaskies.com\/ro\/","logo":{"@type":"ImageObject","inLanguage":"ro-RO","@id":"https:\/\/topolaskies.com\/ro\/#\/schema\/logo\/image\/","url":"","contentUrl":"","caption":"Topola Skies"},"image":{"@id":"https:\/\/topolaskies.com\/ro\/#\/schema\/logo\/image\/"},"sameAs":["https:\/\/www.facebook.com\/topolaskiesresort","https:\/\/www.instagram.com\/topolaskies\/?hl=bg"]}]}},"_links":{"self":[{"href":"https:\/\/topolaskies.com\/ro\/wp-json\/wp\/v2\/pages\/21913","targetHints":{"allow":["GET"]}}],"collection":[{"href":"https:\/\/topolaskies.com\/ro\/wp-json\/wp\/v2\/pages"}],"about":[{"href":"https:\/\/topolaskies.com\/ro\/wp-json\/wp\/v2\/types\/page"}],"author":[{"embeddable":true,"href":"https:\/\/topolaskies.com\/ro\/wp-json\/wp\/v2\/users\/1"}],"replies":[{"embeddable":true,"href":"https:\/\/topolaskies.com\/ro\/wp-json\/wp\/v2\/comments?post=21913"}],"version-history":[{"count":2,"href":"https:\/\/topolaskies.com\/ro\/wp-json\/wp\/v2\/pages\/21913\/revisions"}],"predecessor-version":[{"id":33005,"href":"https:\/\/topolaskies.com\/ro\/wp-json\/wp\/v2\/pages\/21913\/revisions\/33005"}],"wp:featuredmedia":[{"embeddable":true,"href":"https:\/\/topolaskies.com\/ro\/wp-json\/wp\/v2\/media\/21057"}],"wp:attachment":[{"href":"https:\/\/topolaskies.com\/ro\/wp-json\/wp\/v2\/media?parent=21913"}],"curies":[{"name":"wp","href":"https:\/\/api.w.org\/{rel}","templated":true}]}}