{"id":2791,"date":"2024-07-04T06:30:47","date_gmt":"2024-07-04T06:30:47","guid":{"rendered":"https:\/\/topolaskies.com\/green-key\/"},"modified":"2025-02-04T14:22:17","modified_gmt":"2025-02-04T14:22:17","slug":"green-key","status":"publish","type":"page","link":"https:\/\/topolaskies.com\/ro\/green-key\/","title":{"rendered":"Green Key"},"content":{"rendered":"\n<p class=\"has-text-align-left\">Green Key Award este standardul principal de excelen\u021b\u0103 \u00een responsabilitatea ecologic\u0103 \u0219i func\u021bionarea durabil\u0103 \u00een industria turismului. Acest certificat de prestigiu reprezint\u0103 un angajament al companiilor c\u0103 site-urile lor turistice vor respecta criteriile stricte stabilite de Funda\u021bia pentru Educa\u021bie pentru Mediu (FEE). O cheie verde semnific\u0103 promisiunea propriet\u0103\u021bii fa\u021b\u0103 de oaspe\u021bii s\u0103i c\u0103, aleg\u00e2nd s\u0103 r\u0103m\u00e2n\u0103 cu ea, ei contribuie la schimbarea \u00een ceea ce prive\u0219te mediul \u0219i dezvoltarea durabil\u0103. Standardele ridicate de mediu a\u0219teptate de la aceste \u00eentreprinderi sunt men\u021binute prin documentare strict\u0103 \u0219i inspec\u021bii frecvente.<\/p>\n\n\n\n<p>Descrierea instrumentului<\/p>\n\n\n\n<p>Cheia verde este primul certificat interna\u021bional de mediu pentru cazare turistic\u0103 (hoteluri, campinguri) \u0219i etichetare voluntar\u0103 pe baza unor criterii stricte:<\/p>\n\n\n\n<p>politica de mediu;<\/p>\n\n\n\n<p>managementul apei;<\/p>\n\n\n\n<p>managementul de\u0219eurilor;<\/p>\n\n\n\n<p>managementul energiei;<\/p>\n\n\n\n<p>constiinta de mediu.<\/p>\n\n\n\n<p>Criteriile sunt stabilite la nivel interna\u021bional \u0219i sunt comune tuturor \u021b\u0103rilor. Acestea sunt revizuite anual pentru a \u00eendeplini cerin\u021bele de mediu ale Funda\u021biei pentru Educa\u021bie pentru Mediu (FEE). Aceast\u0103 reevaluare este efectuat\u0103 \u00eempreun\u0103 cu to\u021bi coordonatorii na\u021bionali ai etichetei ecologice.<\/p>\n\n\n\n<p><a href=\"http:\/\/www.greenkey.global\">http:\/\/www.greenkey.global<\/a><\/p>\n\n\n\n<figure class=\"wp-block-image is-resized\"><a href=\"http:\/\/www.greenkey.global\"><img loading=\"lazy\" decoding=\"async\" width=\"1024\" height=\"1006\" src=\"https:\/\/topolaskies.com\/wp-content\/uploads\/2025\/02\/greenkey_logo_2015-1024x1006.jpg\" alt=\"Green Key\" class=\"wp-image-16303\" style=\"width:162px;height:auto\" srcset=\"https:\/\/topolaskies.com\/wp-content\/uploads\/2025\/02\/greenkey_logo_2015-1024x1006.jpg 1024w, https:\/\/topolaskies.com\/wp-content\/uploads\/2025\/02\/greenkey_logo_2015-300x295.jpg 300w, https:\/\/topolaskies.com\/wp-content\/uploads\/2025\/02\/greenkey_logo_2015-768x755.jpg 768w, https:\/\/topolaskies.com\/wp-content\/uploads\/2025\/02\/greenkey_logo_2015.jpg 1150w\" sizes=\"auto, (max-width: 1024px) 100vw, 1024px\" \/><\/a><\/figure>\n","protected":false},"excerpt":{"rendered":"<p>Green Key Award este standardul principal de excelen\u021b\u0103 \u00een responsabilitatea ecologic\u0103 \u0219i func\u021bionarea durabil\u0103 \u00een industria turismului. Acest certificat de prestigiu reprezint\u0103 un angajament al companiilor c\u0103 site-urile lor turistice vor respecta criteriile stricte stabilite de Funda\u021bia pentru Educa\u021bie pentru Mediu (FEE). O cheie verde semnific\u0103 promisiunea propriet\u0103\u021bii fa\u021b\u0103 de oaspe\u021bii s\u0103i c\u0103, aleg\u00e2nd s\u0103 [&hellip;]<\/p>\n","protected":false},"author":1,"featured_media":16305,"parent":0,"menu_order":0,"comment_status":"closed","ping_status":"closed","template":"","meta":{"_acf_changed":false,"inline_featured_image":false,"footnotes":""},"class_list":["post-2791","page","type-page","status-publish","has-post-thumbnail","hentry"],"acf":[],"yoast_head":"<!-- This site is optimized with the Yoast SEO plugin v27.2 - https:\/\/yoast.com\/product\/yoast-seo-wordpress\/ -->\n<title>Green Key - Topola Skies<\/title>\n<meta name=\"robots\" content=\"index, follow, max-snippet:-1, max-image-preview:large, max-video-preview:-1\" \/>\n<link rel=\"canonical\" href=\"https:\/\/topolaskies.com\/ro\/green-key\/\" \/>\n<meta property=\"og:locale\" content=\"ro_RO\" \/>\n<meta property=\"og:type\" content=\"article\" \/>\n<meta property=\"og:title\" content=\"Green Key - Topola Skies\" \/>\n<meta property=\"og:description\" content=\"Green Key Award este standardul principal de excelen\u021b\u0103 \u00een responsabilitatea ecologic\u0103 \u0219i func\u021bionarea durabil\u0103 \u00een industria turismului. Acest certificat de prestigiu reprezint\u0103 un angajament al companiilor c\u0103 site-urile lor turistice vor respecta criteriile stricte stabilite de Funda\u021bia pentru Educa\u021bie pentru Mediu (FEE). O cheie verde semnific\u0103 promisiunea propriet\u0103\u021bii fa\u021b\u0103 de oaspe\u021bii s\u0103i c\u0103, aleg\u00e2nd s\u0103 [&hellip;]\" \/>\n<meta property=\"og:url\" content=\"https:\/\/topolaskies.com\/ro\/green-key\/\" \/>\n<meta property=\"og:site_name\" content=\"Topola Skies\" \/>\n<meta property=\"article:publisher\" content=\"https:\/\/www.facebook.com\/topolaskiesresort\" \/>\n<meta property=\"article:modified_time\" content=\"2025-02-04T14:22:17+00:00\" \/>\n<meta property=\"og:image\" content=\"https:\/\/topolaskies.com\/wp-content\/uploads\/2025\/02\/greenkey_logo_2015.jpg\" \/>\n\t<meta property=\"og:image:width\" content=\"1150\" \/>\n\t<meta property=\"og:image:height\" content=\"1130\" \/>\n\t<meta property=\"og:image:type\" content=\"image\/jpeg\" \/>\n<meta name=\"twitter:card\" content=\"summary_large_image\" \/>\n<meta name=\"twitter:label1\" content=\"Timp estimat pentru citire\" \/>\n\t<meta name=\"twitter:data1\" content=\"1 minut\" \/>\n<script type=\"application\/ld+json\" class=\"yoast-schema-graph\">{\"@context\":\"https:\/\/schema.org\",\"@graph\":[{\"@type\":\"WebPage\",\"@id\":\"https:\/\/topolaskies.com\/ro\/green-key\/\",\"url\":\"https:\/\/topolaskies.com\/ro\/green-key\/\",\"name\":\"Green Key - Topola Skies\",\"isPartOf\":{\"@id\":\"https:\/\/topolaskies.com\/ro\/#website\"},\"primaryImageOfPage\":{\"@id\":\"https:\/\/topolaskies.com\/ro\/green-key\/#primaryimage\"},\"image\":{\"@id\":\"https:\/\/topolaskies.com\/ro\/green-key\/#primaryimage\"},\"thumbnailUrl\":\"https:\/\/topolaskies.com\/wp-content\/uploads\/2025\/02\/greenkey_logo_2015.jpg\",\"datePublished\":\"2024-07-04T06:30:47+00:00\",\"dateModified\":\"2025-02-04T14:22:17+00:00\",\"breadcrumb\":{\"@id\":\"https:\/\/topolaskies.com\/ro\/green-key\/#breadcrumb\"},\"inLanguage\":\"ro-RO\",\"potentialAction\":[{\"@type\":\"ReadAction\",\"target\":[\"https:\/\/topolaskies.com\/ro\/green-key\/\"]}]},{\"@type\":\"ImageObject\",\"inLanguage\":\"ro-RO\",\"@id\":\"https:\/\/topolaskies.com\/ro\/green-key\/#primaryimage\",\"url\":\"https:\/\/topolaskies.com\/wp-content\/uploads\/2025\/02\/greenkey_logo_2015.jpg\",\"contentUrl\":\"https:\/\/topolaskies.com\/wp-content\/uploads\/2025\/02\/greenkey_logo_2015.jpg\",\"width\":1150,\"height\":1130,\"caption\":\"Green Key - \u043c\u0435\u0436\u0434\u0443\u043d\u0430\u0440\u043e\u0434\u0435\u043d \u0441\u0435\u0440\u0442\u0438\u0444\u0438\u043a\u0430\u0442 \u0437\u0430 \u043e\u043a\u043e\u043b\u043d\u0430 \u0441\u0440\u0435\u0434\u0430\"},{\"@type\":\"BreadcrumbList\",\"@id\":\"https:\/\/topolaskies.com\/ro\/green-key\/#breadcrumb\",\"itemListElement\":[{\"@type\":\"ListItem\",\"position\":1,\"name\":\"\u041d\u0430\u0447\u0430\u043b\u043e\",\"item\":\"https:\/\/topolaskies.com\/ro\/\"},{\"@type\":\"ListItem\",\"position\":2,\"name\":\"Green Key\"}]},{\"@type\":\"WebSite\",\"@id\":\"https:\/\/topolaskies.com\/ro\/#website\",\"url\":\"https:\/\/topolaskies.com\/ro\/\",\"name\":\"Topola Skies\",\"description\":\"Topola Skies Description\",\"publisher\":{\"@id\":\"https:\/\/topolaskies.com\/ro\/#organization\"},\"potentialAction\":[{\"@type\":\"SearchAction\",\"target\":{\"@type\":\"EntryPoint\",\"urlTemplate\":\"https:\/\/topolaskies.com\/ro\/?s={search_term_string}\"},\"query-input\":{\"@type\":\"PropertyValueSpecification\",\"valueRequired\":true,\"valueName\":\"search_term_string\"}}],\"inLanguage\":\"ro-RO\"},{\"@type\":\"Organization\",\"@id\":\"https:\/\/topolaskies.com\/ro\/#organization\",\"name\":\"Topola Skies\",\"url\":\"https:\/\/topolaskies.com\/ro\/\",\"logo\":{\"@type\":\"ImageObject\",\"inLanguage\":\"ro-RO\",\"@id\":\"https:\/\/topolaskies.com\/ro\/#\/schema\/logo\/image\/\",\"url\":\"\",\"contentUrl\":\"\",\"caption\":\"Topola Skies\"},\"image\":{\"@id\":\"https:\/\/topolaskies.com\/ro\/#\/schema\/logo\/image\/\"},\"sameAs\":[\"https:\/\/www.facebook.com\/topolaskiesresort\",\"https:\/\/www.instagram.com\/topolaskies\/?hl=bg\"]}]}<\/script>\n<!-- \/ Yoast SEO plugin. -->","yoast_head_json":{"title":"Green Key - Topola Skies","robots":{"index":"index","follow":"follow","max-snippet":"max-snippet:-1","max-image-preview":"max-image-preview:large","max-video-preview":"max-video-preview:-1"},"canonical":"https:\/\/topolaskies.com\/ro\/green-key\/","og_locale":"ro_RO","og_type":"article","og_title":"Green Key - Topola Skies","og_description":"Green Key Award este standardul principal de excelen\u021b\u0103 \u00een responsabilitatea ecologic\u0103 \u0219i func\u021bionarea durabil\u0103 \u00een industria turismului. Acest certificat de prestigiu reprezint\u0103 un angajament al companiilor c\u0103 site-urile lor turistice vor respecta criteriile stricte stabilite de Funda\u021bia pentru Educa\u021bie pentru Mediu (FEE). O cheie verde semnific\u0103 promisiunea propriet\u0103\u021bii fa\u021b\u0103 de oaspe\u021bii s\u0103i c\u0103, aleg\u00e2nd s\u0103 [&hellip;]","og_url":"https:\/\/topolaskies.com\/ro\/green-key\/","og_site_name":"Topola Skies","article_publisher":"https:\/\/www.facebook.com\/topolaskiesresort","article_modified_time":"2025-02-04T14:22:17+00:00","og_image":[{"width":1150,"height":1130,"url":"https:\/\/topolaskies.com\/wp-content\/uploads\/2025\/02\/greenkey_logo_2015.jpg","type":"image\/jpeg"}],"twitter_card":"summary_large_image","twitter_misc":{"Timp estimat pentru citire":"1 minut"},"schema":{"@context":"https:\/\/schema.org","@graph":[{"@type":"WebPage","@id":"https:\/\/topolaskies.com\/ro\/green-key\/","url":"https:\/\/topolaskies.com\/ro\/green-key\/","name":"Green Key - Topola Skies","isPartOf":{"@id":"https:\/\/topolaskies.com\/ro\/#website"},"primaryImageOfPage":{"@id":"https:\/\/topolaskies.com\/ro\/green-key\/#primaryimage"},"image":{"@id":"https:\/\/topolaskies.com\/ro\/green-key\/#primaryimage"},"thumbnailUrl":"https:\/\/topolaskies.com\/wp-content\/uploads\/2025\/02\/greenkey_logo_2015.jpg","datePublished":"2024-07-04T06:30:47+00:00","dateModified":"2025-02-04T14:22:17+00:00","breadcrumb":{"@id":"https:\/\/topolaskies.com\/ro\/green-key\/#breadcrumb"},"inLanguage":"ro-RO","potentialAction":[{"@type":"ReadAction","target":["https:\/\/topolaskies.com\/ro\/green-key\/"]}]},{"@type":"ImageObject","inLanguage":"ro-RO","@id":"https:\/\/topolaskies.com\/ro\/green-key\/#primaryimage","url":"https:\/\/topolaskies.com\/wp-content\/uploads\/2025\/02\/greenkey_logo_2015.jpg","contentUrl":"https:\/\/topolaskies.com\/wp-content\/uploads\/2025\/02\/greenkey_logo_2015.jpg","width":1150,"height":1130,"caption":"Green Key - \u043c\u0435\u0436\u0434\u0443\u043d\u0430\u0440\u043e\u0434\u0435\u043d \u0441\u0435\u0440\u0442\u0438\u0444\u0438\u043a\u0430\u0442 \u0437\u0430 \u043e\u043a\u043e\u043b\u043d\u0430 \u0441\u0440\u0435\u0434\u0430"},{"@type":"BreadcrumbList","@id":"https:\/\/topolaskies.com\/ro\/green-key\/#breadcrumb","itemListElement":[{"@type":"ListItem","position":1,"name":"\u041d\u0430\u0447\u0430\u043b\u043e","item":"https:\/\/topolaskies.com\/ro\/"},{"@type":"ListItem","position":2,"name":"Green Key"}]},{"@type":"WebSite","@id":"https:\/\/topolaskies.com\/ro\/#website","url":"https:\/\/topolaskies.com\/ro\/","name":"Topola Skies","description":"Topola Skies Description","publisher":{"@id":"https:\/\/topolaskies.com\/ro\/#organization"},"potentialAction":[{"@type":"SearchAction","target":{"@type":"EntryPoint","urlTemplate":"https:\/\/topolaskies.com\/ro\/?s={search_term_string}"},"query-input":{"@type":"PropertyValueSpecification","valueRequired":true,"valueName":"search_term_string"}}],"inLanguage":"ro-RO"},{"@type":"Organization","@id":"https:\/\/topolaskies.com\/ro\/#organization","name":"Topola Skies","url":"https:\/\/topolaskies.com\/ro\/","logo":{"@type":"ImageObject","inLanguage":"ro-RO","@id":"https:\/\/topolaskies.com\/ro\/#\/schema\/logo\/image\/","url":"","contentUrl":"","caption":"Topola Skies"},"image":{"@id":"https:\/\/topolaskies.com\/ro\/#\/schema\/logo\/image\/"},"sameAs":["https:\/\/www.facebook.com\/topolaskiesresort","https:\/\/www.instagram.com\/topolaskies\/?hl=bg"]}]}},"_links":{"self":[{"href":"https:\/\/topolaskies.com\/ro\/wp-json\/wp\/v2\/pages\/2791","targetHints":{"allow":["GET"]}}],"collection":[{"href":"https:\/\/topolaskies.com\/ro\/wp-json\/wp\/v2\/pages"}],"about":[{"href":"https:\/\/topolaskies.com\/ro\/wp-json\/wp\/v2\/types\/page"}],"author":[{"embeddable":true,"href":"https:\/\/topolaskies.com\/ro\/wp-json\/wp\/v2\/users\/1"}],"replies":[{"embeddable":true,"href":"https:\/\/topolaskies.com\/ro\/wp-json\/wp\/v2\/comments?post=2791"}],"version-history":[{"count":2,"href":"https:\/\/topolaskies.com\/ro\/wp-json\/wp\/v2\/pages\/2791\/revisions"}],"predecessor-version":[{"id":16311,"href":"https:\/\/topolaskies.com\/ro\/wp-json\/wp\/v2\/pages\/2791\/revisions\/16311"}],"wp:featuredmedia":[{"embeddable":true,"href":"https:\/\/topolaskies.com\/ro\/wp-json\/wp\/v2\/media\/16305"}],"wp:attachment":[{"href":"https:\/\/topolaskies.com\/ro\/wp-json\/wp\/v2\/media?parent=2791"}],"curies":[{"name":"wp","href":"https:\/\/api.w.org\/{rel}","templated":true}]}}